{"id":11557,"date":"2018-07-27T08:44:53","date_gmt":"2018-07-27T06:44:53","guid":{"rendered":"http:\/\/www.mannschaft.com\/?page_id=11557"},"modified":"2021-06-18T09:38:35","modified_gmt":"2021-06-18T07:38:35","slug":"kleingedrucktes","status":"publish","type":"page","link":"https:\/\/alte.mannschaft.lgbt\/bimber\/kleingedrucktes\/","title":{"rendered":"Kleingedrucktes f\u00fcr unsere Leser*innen"},"content":{"rendered":"<h3>Allgemeine Gesch\u00e4ftsbedingungen f\u00fcr unsere Leser*innen und Abonnent*innen<\/h3>\n<p>Die AGBs f\u00fcr unsere Gesch\u00e4fts-\/Werbepartner sind <a href=\"https:\/\/mannschaft.com\/agb\/\">hier<\/a>.<\/p>\n<p>Wir verzichten auf seitenlange AGBs, da wir diese eh nicht verstehen w\u00fcrden. Wir beschr\u00e4nken uns hier auf die wichtigsten Spielregeln. Wenn du nicht zufrieden oder gl\u00fccklich bist, schreib uns eine Email an kontakt(at)mannschaft.com.<\/p>\n<p>Mannschaft Magazin&nbsp;ist Teil der&nbsp;Lautes Haus GmbH, Blumensteinstrasse 2, CH \u2013 3012 Bern.<\/p>\n<hr>\n<p><strong>1. Anwendungsbereich <\/strong><br \/>\nDiese allgemeinen Gesch\u00e4ftsbedingungen (AGB) regeln die bestehenden und k\u00fcnftigen vertraglichen Beziehungen zwischen Abonnenten (Dir) und dem Verlag (Wir). Aber keine Sorge, wir sind ganz lieb zu unseren Leser*innen.<\/p>\n<p><strong>2. Abonnements \/ Laufzeit<\/strong><br \/>\nDer Vertrag f\u00fcr ein Abonnement wird grunds\u00e4tzlich f\u00fcr 4 Ausgaben, bzw. 1 Ausgabe bei der Einzelausgabe abgeschlossen. Unsere Abos verl\u00e4ngern sich nicht automatisch, denn wir sind nett. Nach Ablauf des Abonnentes erh\u00e4ltst du ein Angebot mit der M\u00f6glichkeit zur Verl\u00e4ngerung. Falls du kein Abonnement mehr m\u00f6chtest schreib uns doch eine Mail an kontakt(at)mannschaft.com. F\u00fcr Fragen zum Abo, Magazin oder dem Leben im Allgemeinen erreichst du uns ebenfalls dort. Kartenlegen ist aber nicht unsere Spezialit\u00e4t.<\/p>\n<p><strong>3. Zahlung<\/strong><br \/>\nWir freuen uns, wenn du deine Rechnung fristgerecht innerhalb von 30 Tagen zahlst. Denn schliesslich m\u00fcssen wir unsere Miete auch fristgerecht zahlen, unter einer Br\u00fccke l\u00e4sst sich so schlecht ein Magazin produzieren. Wenn die Zahlungsfrist abl\u00e4uft, erh\u00e4ltst du eine Mahnung und nach Ablauf dieser zweiten Frist erlauben wir uns, dir kein Magazin mehr zu senden. Nur bei Neuabonnenten: Die nicht bezahlten Magazine musst du uns ganz offiziell trotzdem noch bezahlen. Hier lassen wir die Laune unseres Buchhalters entscheiden.<\/p>\n<p><strong>4. Datenschutz <\/strong><br \/>\nMit der Bestellung eines Abonnements erkl\u00e4rst Du dich damit einverstanden, dass wir die personenbezogenen Daten unter strikter Beachtung der geltenden gesetzlichen Datenschutzbestimmungen speichern. Alle pers\u00f6nlichen Daten werden vertraulich behandelt und nur f\u00fcr die Auftragsabwicklung sowie f\u00fcr ausschliesslich eigene verlagsspezifische Zwecke verarbeitet bzw. genutzt.<\/p>\n<p><strong>5. Verschiebungsrecht <\/strong><br \/>\nWir haften nicht f\u00fcr Liefer- und Leistungsverz\u00f6gerungen durch h\u00f6here Gewalt und\/ oder Ereignisse, die die Lieferung bzw. Leistung wesentlich erschweren oder verunm\u00f6glichen (z.B. falls dein Postbote von einem fliegenden Einhorn entf\u00fchrt wird). Tritt ein solcher Fall ein, sind wir berechtigt, die Lieferung bzw. Leistung ohne vorherige Benachrichtigung zu verschieben oder vom Vertrag ganz oder teilweise zur\u00fcckzutreten.<\/p>\n<p><strong>6. Unwirksamkeit einer Bestimmung <\/strong><br \/>\nSollte eine Bestimmung dieser AGB unwirksam sein oder werden, wird davon die Wirksamkeit der \u00fcbrigen Bestimmungen nicht ber\u00fchrt.<\/p>\n<p><strong>7. \u00c4nderungen des Kleingedruckten <\/strong><br \/>\n\u00c4nderungen dieser AGB bleiben vorbehalten und gelten auch sofort f\u00fcr laufende Auftr\u00e4ge.<\/p>\n<p><strong>8. Anwendbares Recht und Gerichtsstand <\/strong><br \/>\nAuf alle Vertragsbeziehungen zwischen dem Abonnenten und dem Verlag ist ausschliesslich das Schweizer Recht anwendbar. Gerichtsstand und Erf\u00fcllungsort ist Bern. Ihr d\u00fcrft uns gerne besuchen kommen.<\/p>\n<p><strong>9. Teilnahmebedingungen f\u00fcr Wettbewerbe und Verlosungen<\/strong><br \/>\nDie Gewinner erhalten den Gewinn per Post oder elektronisch. Der Gewinn kann weder umgetauscht noch in Bar ausbezahlt werden. Mannschaft Magazin ist als Promotionspartner nicht f\u00fcr den Inhalt und den Versand des Gewinns verantwortlich. Das Gleiche gilt, wenn es sich um Tickets f\u00fcr Events handelt: Mannschaft Magazin ist nicht f\u00fcr die Organisation und\/oder Durchf\u00fchrung verantwortlich. Deine Daten aus Verlosungen\/Wettbewerben werden nicht an Dritte weitergegeben. Eine Ausnahme bilden die Daten der Gewinner \u2013 diese werden an den ausf\u00fchrenden Partner \u00fcbermittelt. F\u00fcr die weitere Verwendung dieser Daten durch den Partner gelten die Datenschutzbestimmungen des Partners. Die Bedingungen k\u00f6nnen&nbsp;je nach Ausschreibung der Wettbewerbe und Verlosungen abweichen.<\/p>\n<p>Unsere Datenschutzbestimmungen findest du <a href=\"https:\/\/mannschaft.com\/datenschutzerklaerung\/\" target=\"_blank\" rel=\"noopener noreferrer\">hier<\/a>.<\/p>\n<p><strong>10. Newsletter<\/strong><br \/>\nWenn du dich f\u00fcr unseren Newsletter anmeldest, erh\u00e4ltst du diesen jede 14 Tage. Du kannst dich jederzeit von diesem Newsletter abmelden, indem du entsprechende Funktion im Newsletter anw\u00e4hlst.<\/p>\n<hr>\n<p>Bern, 2021<br \/>\nLautes Haus GmbH, Blumensteinstrasse 2, CH-3012 Bern<\/p>\n","protected":false},"excerpt":{"rendered":"<p>Allgemeine Gesch\u00e4ftsbedingungen f\u00fcr unsere Leser*innen und Abonnent*innen Die AGBs f\u00fcr unsere Gesch\u00e4fts-\/Werbepartner sind hier. Wir verzichten auf seitenlange AGBs, da wir diese eh nicht verstehen w\u00fcrden. Wir beschr\u00e4nken uns hier auf die wichtigsten Spielregeln. Wenn du nicht zufrieden oder gl\u00fccklich bist, schreib uns eine Email an kontakt(at)mannschaft.com. Mannschaft Magazin&nbsp;ist Teil der&nbsp;Lautes Haus GmbH, Blumensteinstrasse 2, [&hellip;] <a class=\"g1-link g1-link-more\" href=\"https:\/\/alte.mannschaft.lgbt\/bimber\/kleingedrucktes\/\">Weiterlesen<\/a><\/p>\n","protected":false},"author":22,"featured_media":0,"parent":0,"menu_order":0,"comment_status":"closed","ping_status":"closed","template":"g1-template-page-full.php","meta":[],"wps_subtitle":"Allgemeine Gesch\u00e4ftsbedingungen Lautes Haus GmbH","_links":{"self":[{"href":"https:\/\/alte.mannschaft.lgbt\/bimber\/wp-json\/wp\/v2\/pages\/11557"}],"collection":[{"href":"https:\/\/alte.mannschaft.lgbt\/bimber\/wp-json\/wp\/v2\/pages"}],"about":[{"href":"https:\/\/alte.mannschaft.lgbt\/bimber\/wp-json\/wp\/v2\/types\/page"}],"author":[{"embeddable":true,"href":"https:\/\/alte.mannschaft.lgbt\/bimber\/wp-json\/wp\/v2\/users\/22"}],"replies":[{"embeddable":true,"href":"https:\/\/alte.mannschaft.lgbt\/bimber\/wp-json\/wp\/v2\/comments?post=11557"}],"version-history":[{"count":0,"href":"https:\/\/alte.mannschaft.lgbt\/bimber\/wp-json\/wp\/v2\/pages\/11557\/revisions"}],"wp:attachment":[{"href":"https:\/\/alte.mannschaft.lgbt\/bimber\/wp-json\/wp\/v2\/media?parent=11557"}],"curies":[{"name":"wp","href":"https:\/\/api.w.org\/{rel}","templated":true}]}}